{"id":3,"date":"2021-01-22T08:36:46","date_gmt":"2021-01-22T07:36:46","guid":{"rendered":"https:\/\/leimontproductions.com\/site-fr\/?page_id=3"},"modified":"2021-02-18T01:55:18","modified_gmt":"2021-02-18T00:55:18","slug":"politique-de-confidentialite","status":"publish","type":"page","link":"http:\/\/leimontproductions.com\/site-fr\/politique-de-confidentialite\/","title":{"rendered":"Politique de confidentialit\u00e9"},"content":{"rendered":"\n\t<section class=\"section\" id=\"section_348357153\">\r\n\t\t<div class=\"bg section-bg fill bg-fill  bg-loaded\" >\r\n\r\n\t\t\t\r\n\t\t\t\r\n\t\t\t\r\n\r\n\t\t<\/div>\r\n\r\n\t\t<div class=\"section-content relative\">\r\n\t\t\t\n\n<div class=\"container section-title-container\" ><h1 class=\"section-title section-title-center\"><b><\/b><span class=\"section-title-main\" style=\"font-size:140%;\">POLITIQUE DE CONFIDENTIALIT\u00c9<\/span><b><\/b><\/h1><\/div>\n\n\t<div id=\"gap-1803177907\" class=\"gap-element clearfix\" style=\"display:block; height:auto;\">\r\n\t\t\n<style>\n#gap-1803177907 {\n  padding-top: 50px;\n}\n<\/style>\n\t<\/div>\r\n\t\n\n<div class=\"row align-center\"  id=\"row-653714232\">\n\n\r\n\t<div id=\"col-1661553348\" class=\"col medium-4 small-10 large-4\"  >\r\n\t\t<div class=\"col-inner\"  >\r\n\t\t\t\r\n\t\t\t\n\n<h2 class=\"TitleMentionLeg\">I. Donn\u00e9es personnelles<\/h2>\n<p>\u00a0<\/p>\n\n\t\t<\/div>\r\n\t\t\n<style>\n#col-1661553348 > .col-inner {\n  padding: 0px 40px 0px 0px;\n}\n<\/style>\n\t<\/div>\r\n\r\n\t\n\r\n\t<div id=\"col-1320941206\" class=\"col medium-8 small-10 large-8\"  >\r\n\t\t<div class=\"col-inner\"  >\r\n\t\t\t\r\n\t\t\t\n\n<article id=\"page-1862\" class=\"begin-content\">\n<p class=\"TitleMentionLeg\"><span style=\"font-size: 100%;\">Le site est amen\u00e9 \u00e0 vous demander des informations personnelles sur la page <strong>contact<\/strong>, certaines sont obligatoires et d\u2019autres sont facultatives. Ces informations sont collect\u00e9es dans le but de mieux vous satisfaire en r\u00e9pondant de mani\u00e8re plus personnalis\u00e9e \u00e0 vos attentes. Conform\u00e9ment \u00e0 l\u2019article 27 de la loi \u00a0\u00ab Informatique et Libert\u00e9s \u00a0\u00bb du 6 janvier 1978, les informations indispensables servent \u00e0 traiter et r\u00e9pondre \u00e0 vos demandes collecte les donn\u00e9es que vous communiquez :<\/span><\/p>\n<\/article>\n<article class=\"begin-content\">\n<p><span style=\"font-size: 100%;\">D\u2019une mani\u00e8re g\u00e9n\u00e9rale, il vous est possible de visiter le Site leimontproductions.com sans communiquer aucune information personnelle vous concernant. En toute hypoth\u00e8se, vous n\u2019\u00eates en aucune mani\u00e8re oblig\u00e9 de transmettre ces informations \u00e0 leimontproductions.com.<\/span><\/p>\n<p><span style=\"font-size: 100%;\">Conform\u00e9ment au R\u00e8glement G\u00e9n\u00e9ral sur la Protection des Donn\u00e9es (General Data Protection R\u00e9gulation) adopt\u00e9 par le Parlement europ\u00e9en le 14 avril 2016, et \u00e0 la Loi Informatique et Libert\u00e9s du 6 janvier 1978 modifi\u00e9e, Leimont Productions vous informe que vos donn\u00e9es ne seront pas transmises \u00e0 une soci\u00e9t\u00e9 tierce.<\/span><\/p>\n<p><span style=\"font-size: 100%;\"><strong>Mail :<\/strong> contact@leimontproductions.com<\/span><\/p>\n<p><span style=\"font-size: 100%;\"><strong>T\u00e9l :<\/strong> 09 86 27 35 30<\/span><\/p>\n<\/article>\n\n\t\t<\/div>\r\n\t\t\t<\/div>\r\n\r\n\t\n\n<\/div>\n<div class=\"row align-center\"  id=\"row-1422580267\">\n\n\r\n\t<div id=\"col-1271203727\" class=\"col medium-4 small-10 large-4\"  >\r\n\t\t<div class=\"col-inner\"  >\r\n\t\t\t\r\n\t\t\t\n\n<h2 class=\"TitleMentionLeg\">II. Cookies\u00a0<\/h2>\n<p>\u00a0<\/p>\n\n\t\t<\/div>\r\n\t\t\n<style>\n#col-1271203727 > .col-inner {\n  padding: 0px 40px 0px 0px;\n}\n<\/style>\n\t<\/div>\r\n\r\n\t\n\r\n\t<div id=\"col-2070594338\" class=\"col medium-8 small-10 large-8\"  >\r\n\t\t<div class=\"col-inner\"  >\r\n\t\t\t\r\n\t\t\t\n\n<h3 class=\"SousTitre\">Les cookies<\/h3>\n<p><span style=\"font-size: 100%;\">Lors de votre visite sur leimontproductions.com des cookies pourront \u00e9ventuellement \u00eatre cr\u00e9\u00e9s afin de permettre votre navigation sur le site.\u00a0<\/span><\/p>\n<h3 class=\"SousTitre\" style=\"text-align: left;\">__________________<\/h3>\n<p>Les droits que vous avez sur vos donn\u00e9es<\/p>\n<p><span style=\"font-size: 100%;\">Vos donn\u00e9es sont stock\u00e9es sur nos serveurs h\u00e9berg\u00e9s par la soci\u00e9t\u00e9 godaddy https:\/\/www.godaddy.com\/<\/span><\/p>\n<p><span style=\"font-size: 100%;\">Vous pouvez demander la suppression des donn\u00e9es personnelles vous concernant. Cela ne prend pas en compte les donn\u00e9es stock\u00e9es \u00e0 des fins administratives, l\u00e9gales ou pour des raisons de s\u00e9curit\u00e9.<\/span><\/p>\n<p><span style=\"font-size: 100%;\"><strong>Mail<\/strong> : contact@leimontproductions.com<\/span><\/p>\n\n\t\t<\/div>\r\n\t\t\t<\/div>\r\n\r\n\t\n\n<\/div>\n\n\t\t<\/div>\r\n\r\n\t\t\n<style>\n#section_348357153 {\n  padding-top: 20px;\n  padding-bottom: 20px;\n}\n<\/style>\n\t<\/section>\r\n\t\n\n","protected":false},"excerpt":{"rendered":"","protected":false},"author":1,"featured_media":0,"parent":0,"menu_order":0,"comment_status":"closed","ping_status":"closed","template":"","meta":[],"yoast_head":"<!-- This site is optimized with the Yoast SEO plugin v15.9.2 - https:\/\/yoast.com\/wordpress\/plugins\/seo\/ -->\n<title>Politique de confidentialit\u00e9 - Leimont Productions<\/title>\n<meta name=\"robots\" content=\"index, follow, max-snippet:-1, max-image-preview:large, max-video-preview:-1\" \/>\n<link rel=\"canonical\" href=\"http:\/\/leimontproductions.com\/site-fr\/politique-de-confidentialite\/\" \/>\n<meta property=\"og:locale\" content=\"fr_FR\" \/>\n<meta property=\"og:type\" content=\"article\" \/>\n<meta property=\"og:title\" content=\"Politique de confidentialit\u00e9 - Leimont Productions\" \/>\n<meta property=\"og:url\" content=\"http:\/\/leimontproductions.com\/site-fr\/politique-de-confidentialite\/\" \/>\n<meta property=\"og:site_name\" content=\"Leimont Productions\" \/>\n<meta property=\"article:modified_time\" content=\"2021-02-18T00:55:18+00:00\" \/>\n<meta property=\"og:image\" content=\"http:\/\/leimontproductions.com\/site-fr\/wp-content\/uploads\/2021\/01\/LEIMONT-PRODUCTIONS.jpeg\" \/>\n\t<meta property=\"og:image:width\" content=\"480\" \/>\n\t<meta property=\"og:image:height\" content=\"480\" \/>\n<meta name=\"twitter:card\" content=\"summary_large_image\" \/>\n<meta name=\"twitter:label1\" content=\"Dur\u00e9e de lecture est.\">\n\t<meta name=\"twitter:data1\" content=\"2 minutes\">\n<script type=\"application\/ld+json\" class=\"yoast-schema-graph\">{\"@context\":\"https:\/\/schema.org\",\"@graph\":[{\"@type\":\"WebSite\",\"@id\":\"https:\/\/leimontproductions.com\/site-fr\/#website\",\"url\":\"https:\/\/leimontproductions.com\/site-fr\/\",\"name\":\"Leimont Productions\",\"description\":\"Nous r\\u00e9alisons vos projets\",\"potentialAction\":[{\"@type\":\"SearchAction\",\"target\":\"https:\/\/leimontproductions.com\/site-fr\/?s={search_term_string}\",\"query-input\":\"required name=search_term_string\"}],\"inLanguage\":\"fr-FR\"},{\"@type\":\"WebPage\",\"@id\":\"http:\/\/leimontproductions.com\/site-fr\/politique-de-confidentialite\/#webpage\",\"url\":\"http:\/\/leimontproductions.com\/site-fr\/politique-de-confidentialite\/\",\"name\":\"Politique de confidentialit\\u00e9 - Leimont Productions\",\"isPartOf\":{\"@id\":\"https:\/\/leimontproductions.com\/site-fr\/#website\"},\"datePublished\":\"2021-01-22T07:36:46+00:00\",\"dateModified\":\"2021-02-18T00:55:18+00:00\",\"breadcrumb\":{\"@id\":\"http:\/\/leimontproductions.com\/site-fr\/politique-de-confidentialite\/#breadcrumb\"},\"inLanguage\":\"fr-FR\",\"potentialAction\":[{\"@type\":\"ReadAction\",\"target\":[\"http:\/\/leimontproductions.com\/site-fr\/politique-de-confidentialite\/\"]}]},{\"@type\":\"BreadcrumbList\",\"@id\":\"http:\/\/leimontproductions.com\/site-fr\/politique-de-confidentialite\/#breadcrumb\",\"itemListElement\":[{\"@type\":\"ListItem\",\"position\":1,\"item\":{\"@type\":\"WebPage\",\"@id\":\"http:\/\/leimontproductions.com\/site-fr\/\",\"url\":\"http:\/\/leimontproductions.com\/site-fr\/\",\"name\":\"Accueil\"}},{\"@type\":\"ListItem\",\"position\":2,\"item\":{\"@type\":\"WebPage\",\"@id\":\"http:\/\/leimontproductions.com\/site-fr\/politique-de-confidentialite\/\",\"url\":\"http:\/\/leimontproductions.com\/site-fr\/politique-de-confidentialite\/\",\"name\":\"Politique de confidentialit\\u00e9\"}}]}]}<\/script>\n<!-- \/ Yoast SEO plugin. -->","_links":{"self":[{"href":"http:\/\/leimontproductions.com\/site-fr\/wp-json\/wp\/v2\/pages\/3"}],"collection":[{"href":"http:\/\/leimontproductions.com\/site-fr\/wp-json\/wp\/v2\/pages"}],"about":[{"href":"http:\/\/leimontproductions.com\/site-fr\/wp-json\/wp\/v2\/types\/page"}],"author":[{"embeddable":true,"href":"http:\/\/leimontproductions.com\/site-fr\/wp-json\/wp\/v2\/users\/1"}],"replies":[{"embeddable":true,"href":"http:\/\/leimontproductions.com\/site-fr\/wp-json\/wp\/v2\/comments?post=3"}],"version-history":[{"count":8,"href":"http:\/\/leimontproductions.com\/site-fr\/wp-json\/wp\/v2\/pages\/3\/revisions"}],"predecessor-version":[{"id":1477,"href":"http:\/\/leimontproductions.com\/site-fr\/wp-json\/wp\/v2\/pages\/3\/revisions\/1477"}],"wp:attachment":[{"href":"http:\/\/leimontproductions.com\/site-fr\/wp-json\/wp\/v2\/media?parent=3"}],"curies":[{"name":"wp","href":"https:\/\/api.w.org\/{rel}","templated":true}]}}