{"id":76,"date":"2013-12-16T09:57:42","date_gmt":"2013-12-16T08:57:42","guid":{"rendered":"http:\/\/localhost:8888\/test\/?page_id=2000"},"modified":"2022-01-24T18:10:55","modified_gmt":"2022-01-24T17:10:55","slug":"accueil","status":"publish","type":"page","link":"http:\/\/leimontproductions.com\/site-fr\/","title":{"rendered":"Accueil"},"content":{"rendered":"\n<div class=\"row show-for-medium\"  id=\"row-1032347816\">\n\n\r\n\t<div id=\"col-1380757534\" class=\"col small-12 large-12\"  >\r\n\t\t<div class=\"col-inner\"  >\r\n\t\t\t\r\n\t\t\t\n\n<div class=\"text-center\"><div class=\"is-divider divider clearfix\" style=\"max-width:50px;height:100px;background-color:rgba(0, 0, 0, 0);\"><\/div><\/div>\n\n\n\t\t<\/div>\r\n\t\t\t<\/div>\r\n\r\n\t\n\n<\/div>\n<div class=\"slider-wrapper relative\" id=\"slider-1079118169\" >\r\n    <div class=\"slider slider-nav-circle slider-nav-large slider-nav-light slider-style-normal\"\r\n        data-flickity-options='{\r\n            \"cellAlign\": \"center\",\r\n            \"imagesLoaded\": true,\r\n            \"lazyLoad\": 1,\r\n            \"freeScroll\": false,\r\n            \"wrapAround\": true,\r\n            \"autoPlay\": false,\r\n            \"pauseAutoPlayOnHover\" : true,\r\n            \"prevNextButtons\": true,\r\n            \"contain\" : true,\r\n            \"adaptiveHeight\" : true,\r\n            \"dragThreshold\" : 10,\r\n            \"percentPosition\": true,\r\n            \"pageDots\": true,\r\n            \"rightToLeft\": false,\r\n            \"draggable\": true,\r\n            \"selectedAttraction\": 0.1,\r\n            \"parallax\" : 0,\r\n            \"friction\": 0.6        }'\r\n        >\r\n        \n\n\r\n  <div class=\"banner has-hover has-video\" id=\"banner-202153120\">\r\n          <div class=\"banner-inner fill\">\r\n        <div class=\"banner-bg fill\" >\r\n            <div class=\"bg fill bg-fill \"><\/div>\r\n            \t<div class=\"video-overlay no-click fill visible\"><\/div>\r\n\t<video class=\"video-bg fill visible\" preload playsinline autoplay\r\n\t\tmuted\t\tloop>\r\n\t\t<source src=\"http:\/\/leimontproductions.com\/wp-content\/uploads\/2022\/01\/showreel-hd.mov\" type=\"video\/mp4\">\t<\/video>\r\n            <div class=\"overlay\"><\/div>            \r\n                    <\/div>\r\n        <div class=\"banner-layers container\">\r\n            <div class=\"fill banner-link\"><\/div>            \n\n   <div id=\"text-box-633964120\" class=\"text-box banner-layer hide-for-medium x50 md-x50 lg-x50 y90 md-y90 lg-y90 res-text\">\r\n       <div class=\"hover-slide\">                         <div class=\"text dark\">\r\n              \r\n              <div class=\"text-inner text-right\">\r\n                  \n\n\t<div class=\"img has-hover x md-x lg-x y md-y lg-y\" id=\"image_979558042\">\r\n\t\t<a class=\"\" href=\"#showreel\"  >\t\t\t\t\t\t<div class=\"img-inner dark\" >\r\n\t\t\t<img width=\"1020\" height=\"797\" src=\"http:\/\/leimontproductions.com\/site-fr\/wp-content\/uploads\/2022\/01\/showreel-sound-2-1024x800.png\" class=\"attachment-large size-large\" alt=\"\" loading=\"lazy\" srcset=\"http:\/\/leimontproductions.com\/site-fr\/wp-content\/uploads\/2022\/01\/showreel-sound-2-1024x800.png 1024w, http:\/\/leimontproductions.com\/site-fr\/wp-content\/uploads\/2022\/01\/showreel-sound-2-512x400.png 512w, http:\/\/leimontproductions.com\/site-fr\/wp-content\/uploads\/2022\/01\/showreel-sound-2-768x600.png 768w, http:\/\/leimontproductions.com\/site-fr\/wp-content\/uploads\/2022\/01\/showreel-sound-2-1536x1200.png 1536w, http:\/\/leimontproductions.com\/site-fr\/wp-content\/uploads\/2022\/01\/showreel-sound-2.png 1539w\" sizes=\"(max-width: 1020px) 100vw, 1020px\" \/>\t\t\t\t\t\t\r\n\t\t\t\t\t<\/div>\r\n\t\t\t\t\t\t<\/a>\t\t\n<style>\n#image_979558042 {\n  width: 3%;\n}\n<\/style>\n\t<\/div>\r\n\t\n\n\t<div id=\"showreel\"\r\n\t     class=\"lightbox-by-id lightbox-content mfp-hide lightbox-white \"\r\n\t     style=\"max-width:100% ;padding:0px\">\r\n\t\t\n\t<section class=\"section\" id=\"section_194751489\">\r\n\t\t<div class=\"bg section-bg fill bg-fill  bg-loaded\" >\r\n\r\n\t\t\t\r\n\t\t\t\r\n\t\t\t\r\n\r\n\t\t<\/div>\r\n\r\n\t\t<div class=\"section-content relative\">\r\n\t\t\t\n\n<div class=\"row row-collapse row-full-width align-middle align-center\"  id=\"row-1868432474\">\n\n\r\n\t<div id=\"col-8203049\" class=\"col small-12 large-12\"  >\r\n\t\t<div class=\"col-inner text-center\" style=\"background-color:rgb(0,0,0);\" >\r\n\t\t\t\r\n\t\t\t\n\n<div class=\"video video-fit mb\" style=\"padding-top:45%;\"><iframe title=\"Leimont Productions Showreel 2020\" src=\"https:\/\/player.vimeo.com\/video\/483101212?h=2bfdd5da78&amp;dnt=1&amp;app_id=122963\" width=\"1020\" height=\"574\" frameborder=\"0\" allow=\"autoplay; fullscreen; picture-in-picture\" allowfullscreen><\/iframe><\/div>\n\n\n\t\t<\/div>\r\n\t\t\t<\/div>\r\n\r\n\t\n\n<\/div>\n\n\t\t<\/div>\r\n\r\n\t\t\n<style>\n#section_194751489 {\n  padding-top: 0px;\n  padding-bottom: 0px;\n}\n<\/style>\n\t<\/section>\r\n\t\n\t<\/div>\r\n\t\r\n\t\n\n              <\/div>\r\n           <\/div>\r\n                     <\/div>       \n<style>\n#text-box-633964120 {\n  width: 100%;\n}\n#text-box-633964120 .text {\n  font-size: 100%;\n}\n<\/style>\n    <\/div>\r\n \n\n        <\/div>\r\n      <\/div>\r\n\r\n            \n<style>\n#banner-202153120 {\n  padding-top: 50%;\n  background-color: rgb(0, 0, 0);\n}\n#banner-202153120 .overlay {\n  background-color: rgba(0, 0, 0, 0);\n}\n<\/style>\n  <\/div>\r\n\r\n\n\r\n  <div class=\"banner has-hover has-video\" id=\"banner-154800185\">\r\n          <div class=\"banner-inner fill\">\r\n        <div class=\"banner-bg fill\" >\r\n            <div class=\"bg fill bg-fill \"><\/div>\r\n            \t<div class=\"video-overlay no-click fill visible\"><\/div>\r\n\t<video class=\"video-bg fill visible\" preload playsinline autoplay\r\n\t\t\t\tloop>\r\n\t\t<source src=\"http:\/\/leimontproductions.com\/wp-content\/uploads\/2021\/12\/HONDA_NEYMAR-version-2.mp4\" type=\"video\/mp4\">\t<\/video>\r\n            <div class=\"overlay\"><\/div>            \r\n                    <\/div>\r\n        <div class=\"banner-layers container\">\r\n            <div class=\"fill banner-link\"><\/div>            \n\n\n        <\/div>\r\n      <\/div>\r\n\r\n            \n<style>\n#banner-154800185 {\n  padding-top: 50%;\n  background-color: rgb(0, 0, 0);\n}\n#banner-154800185 .overlay {\n  background-color: rgba(0, 0, 0, 0);\n}\n<\/style>\n  <\/div>\r\n\r\n\n\r\n  <div class=\"banner has-hover has-video\" id=\"banner-942775081\">\r\n          <div class=\"banner-inner fill\">\r\n        <div class=\"banner-bg fill\" >\r\n            <div class=\"bg fill bg-fill \"><\/div>\r\n            \t<div class=\"video-overlay no-click fill visible\"><\/div>\r\n\t<video class=\"video-bg fill visible\" preload playsinline autoplay\r\n\t\t\t\tloop>\r\n\t\t<source src=\"http:\/\/leimontproductions.com\/wp-content\/uploads\/2021\/12\/MARVISIA-PAP-v2.mp4\" type=\"video\/mp4\">\t<\/video>\r\n                        \r\n                    <\/div>\r\n        <div class=\"banner-layers container\">\r\n            <div class=\"fill banner-link\"><\/div>            \n\n\n        <\/div>\r\n      <\/div>\r\n\r\n            \n<style>\n#banner-942775081 {\n  padding-top: 50%;\n  background-color: rgb(0, 0, 0);\n}\n<\/style>\n  <\/div>\r\n\r\n\n\n     <\/div>\r\n\r\n     <div class=\"loading-spin dark large centered\"><\/div>\r\n\r\n     <\/div>\r\n\r\n\n<div class=\"row align-equal align-center show-for-medium\"  id=\"row-586349044\">\n\n\r\n\t<div id=\"col-116997315\" class=\"col small-12 large-12\"  >\r\n\t\t<div class=\"col-inner text-center\"  >\r\n\t\t\t\r\n\t\t\t\n\n\t<div class=\"img has-hover x md-x lg-x y md-y lg-y\" id=\"image_1903083014\">\r\n\t\t<a class=\"\" href=\"http:\/\/leimontproductions.com\/wp-content\/uploads\/2021\/12\/Showreel-v4.mp4\"  >\t\t\t\t\t\t<div class=\"img-inner dark\" >\r\n\t\t\t<img width=\"1020\" height=\"797\" src=\"http:\/\/leimontproductions.com\/site-fr\/wp-content\/uploads\/2022\/01\/showreel-sound-2-1024x800.png\" class=\"attachment-large size-large\" alt=\"\" loading=\"lazy\" srcset=\"http:\/\/leimontproductions.com\/site-fr\/wp-content\/uploads\/2022\/01\/showreel-sound-2-1024x800.png 1024w, http:\/\/leimontproductions.com\/site-fr\/wp-content\/uploads\/2022\/01\/showreel-sound-2-512x400.png 512w, http:\/\/leimontproductions.com\/site-fr\/wp-content\/uploads\/2022\/01\/showreel-sound-2-768x600.png 768w, http:\/\/leimontproductions.com\/site-fr\/wp-content\/uploads\/2022\/01\/showreel-sound-2-1536x1200.png 1536w, http:\/\/leimontproductions.com\/site-fr\/wp-content\/uploads\/2022\/01\/showreel-sound-2.png 1539w\" sizes=\"(max-width: 1020px) 100vw, 1020px\" \/>\t\t\t\t\t\t\r\n\t\t\t\t\t<\/div>\r\n\t\t\t\t\t\t<\/a>\t\t\n<style>\n#image_1903083014 {\n  width: 10%;\n}\n@media (min-width:550px) {\n  #image_1903083014 {\n    width: 5%;\n  }\n}\n@media (min-width:850px) {\n  #image_1903083014 {\n    width: 100%;\n  }\n}\n<\/style>\n\t<\/div>\r\n\t\n\n\n\t\t<\/div>\r\n\t\t\t<\/div>\r\n\r\n\t\n\n<\/div>\n<div class=\"text-center\"><div class=\"is-divider divider clearfix\" style=\"height:15px;background-color:rgba(0, 0, 0, 0);\"><\/div><\/div>\n\n<div class=\"row row-collapse row-full-width hide-for-small\"  id=\"row-1337404954\">\n\n\r\n\t<div id=\"col-1657604669\" class=\"col small-12 large-12\"  data-animate=\"fadeInUp\">\r\n\t\t<div class=\"col-inner\"  >\r\n\t\t\t\r\n\t\t\t\n\n\r\n  <div class=\"banner has-hover has-parallax\" id=\"banner-124899516\">\r\n          <div class=\"banner-inner fill\">\r\n        <div class=\"banner-bg fill\" data-parallax=\"-4\" data-parallax-container=\".banner\" data-parallax-background>\r\n            <div class=\"bg fill bg-fill \"><\/div>\r\n                        <div class=\"overlay\"><\/div>            \r\n                    <\/div>\r\n        <div class=\"banner-layers container\">\r\n            <div class=\"fill banner-link\"><\/div>            \n\n   <div id=\"text-box-431201899\" class=\"text-box banner-layer x50 md-x90 lg-x90 y100 md-y100 lg-y100 res-text\">\r\n                     <div data-animate=\"fadeInRight\">           <div class=\"text dark\">\r\n              \r\n              <div class=\"text-inner text-center\">\r\n                  \n\n<div class=\"row\"  id=\"row-1006553630\">\n\n\r\n\t<div id=\"col-886866670\" class=\"col small-12 large-12\"  >\r\n\t\t<div class=\"col-inner\"  >\r\n\t\t\t\r\n\t\t\t\n\n\t<div id=\"text-4120926009\" class=\"text\">\r\n\t\t\n\n<h3 class=\"uppercase\" style=\"text-align: left;\"><strong>Nous r\u00e9alisons vos projets<\/strong><\/h3>\n<div dir=\"auto\" style=\"text-align: justify;\"><span style=\"font-size: 100%;\">Leimont productions accompagne d&rsquo;autres soci\u00e9t\u00e9s de production \u00e9trang\u00e8res dans l&rsquo;organisation de leurs tournages en France et dans le reste de l\u2019Europe gr\u00e2ce \u00e0 nos r\u00e9seaux et \u00e0 notre connaissance des territoires.<\/span><br \/><span style=\"font-size: 100%;\">Au-del\u00e0 de notre capacit\u00e9 de r\u00e9activit\u00e9 et d\u2019adaptation pour apporter des solutions agiles et optimis\u00e9es, nos \u00e9quipes exp\u00e9riment\u00e9es et bilingues sont toujours soigneusement s\u00e9lectionn\u00e9es en fonction du projet.<\/span><br \/><span style=\"font-size: 100%;\">C\u2019est dans un esprit de collaboration p\u00e9renne que nous d\u00e9veloppons tous les projets qui sont pour nous de nouveaux d\u00e9fis.<\/span><\/div>\n\t\t\n<style>\n#text-4120926009 {\n  font-size: 1.25rem;\n  color: rgb(255, 255, 255);\n}\n#text-4120926009 > * {\n  color: rgb(255, 255, 255);\n}\n<\/style>\n\t<\/div>\r\n\t\n\n\t\t<\/div>\r\n\t\t\t<\/div>\r\n\r\n\t\n\r\n\t<div id=\"col-1293479228\" class=\"col small-12 large-12\"  >\r\n\t\t<div class=\"col-inner text-right\"  >\r\n\t\t\t\r\n\t\t\t\n\n<a href=\"http:\/\/leimontproductions.com\/site-fr\/contact\" target=\"_self\" class=\"button alert is-outline is-small\"  >\r\n    <span>Nous contacter<\/span>\r\n  <\/a>\r\n\n\n\n\t\t<\/div>\r\n\t\t\n<style>\n#col-1293479228 > .col-inner {\n  margin: -20px 0px 0px 0px;\n}\n<\/style>\n\t<\/div>\r\n\r\n\t\n\n<\/div>\n\n              <\/div>\r\n           <\/div>\r\n       <\/div>                     \n<style>\n#text-box-431201899 {\n  width: 79%;\n}\n#text-box-431201899 .text {\n  font-size: 158%;\n}\n@media (min-width:550px) {\n  #text-box-431201899 {\n    width: 36%;\n  }\n  #text-box-431201899 .text {\n    font-size: 100%;\n  }\n}\n<\/style>\n    <\/div>\r\n \n\n        <\/div>\r\n      <\/div>\r\n\r\n            \n<style>\n#banner-124899516 {\n  padding-top: 525px;\n  background-color: rgba(0, 0, 0, 0);\n}\n#banner-124899516 .bg.bg-loaded {\n  background-image: url(http:\/\/leimontproductions.com\/site-fr\/wp-content\/uploads\/2021\/02\/mmexport1613398750806-1400x788.jpg);\n}\n#banner-124899516 .overlay {\n  background-color: rgba(0, 0, 0, 0.297);\n}\n#banner-124899516 .bg {\n  background-position: 42% 61%;\n}\n<\/style>\n  <\/div>\r\n\r\n\n\n\t\t<\/div>\r\n\t\t\t<\/div>\r\n\r\n\t\n\n<\/div>\n<div class=\"row row-collapse row-full-width show-for-small\"  id=\"row-402751350\">\n\n\r\n\t<div id=\"col-549240199\" class=\"col small-12 large-12\"  data-animate=\"fadeInUp\">\r\n\t\t<div class=\"col-inner\"  >\r\n\t\t\t\r\n\t\t\t\n\n\r\n  <div class=\"banner has-hover has-parallax\" id=\"banner-371330183\">\r\n          <div class=\"banner-inner fill\">\r\n        <div class=\"banner-bg fill\" data-parallax=\"-4\" data-parallax-container=\".banner\" data-parallax-background>\r\n            <div class=\"bg fill bg-fill \"><\/div>\r\n                        <div class=\"overlay\"><\/div>            \r\n                    <\/div>\r\n        <div class=\"banner-layers container\">\r\n            <div class=\"fill banner-link\"><\/div>            \n\n   <div id=\"text-box-933835265\" class=\"text-box banner-layer x50 md-x90 lg-x90 y100 md-y100 lg-y100 res-text\">\r\n                     <div data-animate=\"fadeInRight\">           <div class=\"text dark\">\r\n              \r\n              <div class=\"text-inner text-center\">\r\n                  \n\n<div class=\"row\"  id=\"row-1948422824\">\n\n\r\n\t<div id=\"col-1134785879\" class=\"col small-12 large-12\"  >\r\n\t\t<div class=\"col-inner\"  >\r\n\t\t\t\r\n\t\t\t\n\n\t<div id=\"text-93511907\" class=\"text\">\r\n\t\t\n\n<h4 class=\"uppercase\" style=\"text-align: left;\"><span style=\"font-size: 75%;\"><strong>Nous r\u00e9alisons vos projets<\/strong><\/span><\/h4>\n<div dir=\"auto\" style=\"text-align: left;\"><span style=\"font-size: 75%;\">Leimont productions accompagne d&rsquo;autres soci\u00e9t\u00e9s de production \u00e9trang\u00e8res dans l&rsquo;organisation de leurs tournages en France et dans le reste de l\u2019Europe gr\u00e2ce \u00e0 nos r\u00e9seaux et \u00e0 notre connaissance des territoires.<br \/><\/span><br \/><span style=\"font-size: 75%;\">Au-del\u00e0 de notre capacit\u00e9 de r\u00e9activit\u00e9 et d\u2019adaptation pour apporter des solutions agiles et optimis\u00e9es, nos \u00e9quipes exp\u00e9riment\u00e9es et bilingues sont toujours soigneusement s\u00e9lectionn\u00e9es en fonction du projet.<br \/><\/span><br \/><span style=\"font-size: 75%;\">C\u2019est dans un esprit de collaboration p\u00e9renne que nous d\u00e9veloppons tous les projets qui sont pour nous de nouveaux d\u00e9fis.<\/span><\/div>\n\t\t\n<style>\n#text-93511907 {\n  font-size: 1.25rem;\n  color: rgb(255, 255, 255);\n}\n#text-93511907 > * {\n  color: rgb(255, 255, 255);\n}\n<\/style>\n\t<\/div>\r\n\t\n\n\t\t<\/div>\r\n\t\t\t<\/div>\r\n\r\n\t\n\r\n\t<div id=\"col-545094682\" class=\"col small-12 large-12\"  >\r\n\t\t<div class=\"col-inner text-right\"  >\r\n\t\t\t\r\n\t\t\t\n\n<a href=\"http:\/\/leimontproductions.com\/site-fr\/contact\" target=\"_self\" class=\"button alert is-outline is-small\"  >\r\n    <span>Nous contacter<\/span>\r\n  <\/a>\r\n\n\n\n\t\t<\/div>\r\n\t\t\n<style>\n#col-545094682 > .col-inner {\n  margin: -20px 0px 0px 0px;\n}\n<\/style>\n\t<\/div>\r\n\r\n\t\n\n<\/div>\n\n              <\/div>\r\n           <\/div>\r\n       <\/div>                     \n<style>\n#text-box-933835265 {\n  width: 79%;\n}\n#text-box-933835265 .text {\n  font-size: 158%;\n}\n@media (min-width:550px) {\n  #text-box-933835265 {\n    width: 36%;\n  }\n  #text-box-933835265 .text {\n    font-size: 100%;\n  }\n}\n<\/style>\n    <\/div>\r\n \n\n        <\/div>\r\n      <\/div>\r\n\r\n            \n<style>\n#banner-371330183 {\n  padding-top: 1250px;\n  background-color: rgba(0, 0, 0, 0);\n}\n#banner-371330183 .bg.bg-loaded {\n  background-image: url(http:\/\/leimontproductions.com\/site-fr\/wp-content\/uploads\/2021\/02\/mmexport1613398750806-1400x788.jpg);\n}\n#banner-371330183 .overlay {\n  background-color: rgba(0, 0, 0, 0.698);\n}\n#banner-371330183 .bg {\n  background-position: 42% 61%;\n}\n@media (min-width:550px) {\n  #banner-371330183 {\n    padding-top: 645px;\n  }\n  #banner-371330183 .overlay {\n    background-color: rgba(0, 0, 0, 0.297);\n  }\n}\n@media (min-width:850px) {\n  #banner-371330183 {\n    padding-top: 525px;\n  }\n}\n<\/style>\n  <\/div>\r\n\r\n\n\n\t\t<\/div>\r\n\t\t\t<\/div>\r\n\r\n\t\n\n<\/div>\n\n","protected":false},"excerpt":{"rendered":"","protected":false},"author":1,"featured_media":17,"parent":0,"menu_order":5,"comment_status":"closed","ping_status":"closed","template":"page-transparent-header-light.php","meta":[],"yoast_head":"<!-- This site is optimized with the Yoast SEO plugin v15.9.2 - https:\/\/yoast.com\/wordpress\/plugins\/seo\/ -->\n<title>Accueil - Leimont Productions<\/title>\n<meta name=\"robots\" content=\"index, follow, max-snippet:-1, max-image-preview:large, max-video-preview:-1\" \/>\n<link rel=\"canonical\" href=\"http:\/\/leimontproductions.com\/site-fr\/\" \/>\n<meta property=\"og:locale\" content=\"fr_FR\" \/>\n<meta property=\"og:type\" content=\"article\" \/>\n<meta property=\"og:title\" content=\"Accueil - Leimont Productions\" \/>\n<meta property=\"og:url\" content=\"http:\/\/leimontproductions.com\/site-fr\/\" \/>\n<meta property=\"og:site_name\" content=\"Leimont Productions\" \/>\n<meta property=\"article:modified_time\" content=\"2022-01-24T17:10:55+00:00\" \/>\n<meta property=\"og:image\" content=\"http:\/\/leimontproductions.com\/site-fr\/wp-content\/uploads\/2016\/08\/dummy-1.jpg\" \/>\n\t<meta property=\"og:image:width\" content=\"400\" \/>\n\t<meta property=\"og:image:height\" content=\"260\" \/>\n<meta name=\"twitter:card\" content=\"summary_large_image\" \/>\n<meta name=\"twitter:label1\" content=\"Dur\u00e9e de lecture est.\">\n\t<meta name=\"twitter:data1\" content=\"3 minutes\">\n<script type=\"application\/ld+json\" class=\"yoast-schema-graph\">{\"@context\":\"https:\/\/schema.org\",\"@graph\":[{\"@type\":\"WebSite\",\"@id\":\"https:\/\/leimontproductions.com\/site-fr\/#website\",\"url\":\"https:\/\/leimontproductions.com\/site-fr\/\",\"name\":\"Leimont Productions\",\"description\":\"Nous r\\u00e9alisons vos projets\",\"potentialAction\":[{\"@type\":\"SearchAction\",\"target\":\"https:\/\/leimontproductions.com\/site-fr\/?s={search_term_string}\",\"query-input\":\"required name=search_term_string\"}],\"inLanguage\":\"fr-FR\"},{\"@type\":\"ImageObject\",\"@id\":\"http:\/\/leimontproductions.com\/site-fr\/#primaryimage\",\"inLanguage\":\"fr-FR\",\"url\":\"http:\/\/leimontproductions.com\/site-fr\/wp-content\/uploads\/2016\/08\/dummy-1.jpg\",\"width\":400,\"height\":260},{\"@type\":\"WebPage\",\"@id\":\"http:\/\/leimontproductions.com\/site-fr\/#webpage\",\"url\":\"http:\/\/leimontproductions.com\/site-fr\/\",\"name\":\"Accueil - Leimont Productions\",\"isPartOf\":{\"@id\":\"https:\/\/leimontproductions.com\/site-fr\/#website\"},\"primaryImageOfPage\":{\"@id\":\"http:\/\/leimontproductions.com\/site-fr\/#primaryimage\"},\"datePublished\":\"2013-12-16T08:57:42+00:00\",\"dateModified\":\"2022-01-24T17:10:55+00:00\",\"breadcrumb\":{\"@id\":\"http:\/\/leimontproductions.com\/site-fr\/#breadcrumb\"},\"inLanguage\":\"fr-FR\",\"potentialAction\":[{\"@type\":\"ReadAction\",\"target\":[\"http:\/\/leimontproductions.com\/site-fr\/\"]}]},{\"@type\":\"BreadcrumbList\",\"@id\":\"http:\/\/leimontproductions.com\/site-fr\/#breadcrumb\",\"itemListElement\":[{\"@type\":\"ListItem\",\"position\":1,\"item\":{\"@type\":\"WebPage\",\"@id\":\"http:\/\/leimontproductions.com\/site-fr\/\",\"url\":\"http:\/\/leimontproductions.com\/site-fr\/\",\"name\":\"Accueil\"}},{\"@type\":\"ListItem\",\"position\":2,\"item\":{\"@type\":\"WebPage\",\"@id\":\"http:\/\/leimontproductions.com\/site-fr\/\",\"url\":\"http:\/\/leimontproductions.com\/site-fr\/\",\"name\":\"Accueil\"}}]}]}<\/script>\n<!-- \/ Yoast SEO plugin. -->","_links":{"self":[{"href":"http:\/\/leimontproductions.com\/site-fr\/wp-json\/wp\/v2\/pages\/76"}],"collection":[{"href":"http:\/\/leimontproductions.com\/site-fr\/wp-json\/wp\/v2\/pages"}],"about":[{"href":"http:\/\/leimontproductions.com\/site-fr\/wp-json\/wp\/v2\/types\/page"}],"author":[{"embeddable":true,"href":"http:\/\/leimontproductions.com\/site-fr\/wp-json\/wp\/v2\/users\/1"}],"replies":[{"embeddable":true,"href":"http:\/\/leimontproductions.com\/site-fr\/wp-json\/wp\/v2\/comments?post=76"}],"version-history":[{"count":286,"href":"http:\/\/leimontproductions.com\/site-fr\/wp-json\/wp\/v2\/pages\/76\/revisions"}],"predecessor-version":[{"id":1885,"href":"http:\/\/leimontproductions.com\/site-fr\/wp-json\/wp\/v2\/pages\/76\/revisions\/1885"}],"wp:featuredmedia":[{"embeddable":true,"href":"http:\/\/leimontproductions.com\/site-fr\/wp-json\/wp\/v2\/media\/17"}],"wp:attachment":[{"href":"http:\/\/leimontproductions.com\/site-fr\/wp-json\/wp\/v2\/media?parent=76"}],"curies":[{"name":"wp","href":"https:\/\/api.w.org\/{rel}","templated":true}]}}