{"id":770,"date":"2021-01-24T22:47:55","date_gmt":"2021-01-24T21:47:55","guid":{"rendered":"https:\/\/leimontproductions.com\/site-fr\/?page_id=770"},"modified":"2021-02-18T16:46:57","modified_gmt":"2021-02-18T15:46:57","slug":"mentions-legales","status":"publish","type":"page","link":"http:\/\/leimontproductions.com\/site-fr\/mentions-legales\/","title":{"rendered":"Mentions l\u00e9gales"},"content":{"rendered":"\n\t<section class=\"section\" id=\"section_1511789791\">\r\n\t\t<div class=\"bg section-bg fill bg-fill  bg-loaded\" >\r\n\r\n\t\t\t\r\n\t\t\t\r\n\t\t\t\r\n\r\n\t\t<\/div>\r\n\r\n\t\t<div class=\"section-content relative\">\r\n\t\t\t\n\n\t<div id=\"gap-523064306\" class=\"gap-element clearfix\" style=\"display:block; height:auto;\">\r\n\t\t\n<style>\n#gap-523064306 {\n  padding-top: 50px;\n}\n<\/style>\n\t<\/div>\r\n\t\n\n<div class=\"container section-title-container\" ><h1 class=\"section-title section-title-center\"><b><\/b><span class=\"section-title-main\" style=\"font-size:140%;\">MENTIONS L\u00c9GALES<\/span><b><\/b><\/h1><\/div>\n\n<div class=\"row\"  id=\"row-1889948138\">\n\n\r\n\t<div id=\"col-1092478889\" class=\"col medium-6 small-12 large-6\"  >\r\n\t\t<div class=\"col-inner\"  >\r\n\t\t\t\r\n\t\t\t\n\n<p><strong>Site web : <\/strong>leimontproductions.com<\/p>\n<p><strong>Si\u00e8ge social :<br \/><\/strong>8 RUE DE NANTERRE<br \/>92600 ASNIERES-SUR-SEINE<br \/>France<\/p>\n<p><strong>Siren :<\/strong> 847527504<b>\u00a0<\/b><\/p>\n<p><strong>Cr\u00e9dit photos :<\/strong> <br \/>Leimont Productions &#8211; Adobestock \u2013\u00a0 Freepik \u2013 Flaticon<\/p>\n<p><strong>H\u00e9bergeur :<br \/><\/strong>https:\/\/www.godaddy.com\/<\/p>\n<p><b>Num\u00e9ro de t\u00e9l\u00e9phone :\u00a0<br \/><\/b>09 86 27 35 30<\/p>\n<p><b>Mail :<br \/><\/b>contact@leimontproductions.com<b><br \/><\/b><b>\u00a0<\/b><\/p>\n<p>\u00a0<\/p>\n\n\t\t<\/div>\r\n\t\t\t<\/div>\r\n\r\n\t\n\n\n<style>\n#row-1889948138 > .col > .col-inner {\n  padding: 0px 0px 0px 50px;\n}\n@media (min-width:850px) {\n  #row-1889948138 > .col > .col-inner {\n    padding: 0px 0px 0px 100px;\n  }\n}\n<\/style>\n<\/div>\n\n\t\t<\/div>\r\n\r\n\t\t\n<style>\n#section_1511789791 {\n  padding-top: 20px;\n  padding-bottom: 20px;\n}\n<\/style>\n\t<\/section>\r\n\t\n\n","protected":false},"excerpt":{"rendered":"","protected":false},"author":1,"featured_media":0,"parent":0,"menu_order":0,"comment_status":"closed","ping_status":"closed","template":"","meta":[],"yoast_head":"<!-- This site is optimized with the Yoast SEO plugin v15.9.2 - https:\/\/yoast.com\/wordpress\/plugins\/seo\/ -->\n<title>Mentions l\u00e9gales - Leimont Productions<\/title>\n<meta name=\"robots\" content=\"index, follow, max-snippet:-1, max-image-preview:large, max-video-preview:-1\" \/>\n<link rel=\"canonical\" href=\"http:\/\/leimontproductions.com\/site-fr\/mentions-legales\/\" \/>\n<meta property=\"og:locale\" content=\"fr_FR\" \/>\n<meta property=\"og:type\" content=\"article\" \/>\n<meta property=\"og:title\" content=\"Mentions l\u00e9gales - Leimont Productions\" \/>\n<meta property=\"og:url\" content=\"http:\/\/leimontproductions.com\/site-fr\/mentions-legales\/\" \/>\n<meta property=\"og:site_name\" content=\"Leimont Productions\" \/>\n<meta property=\"article:modified_time\" content=\"2021-02-18T15:46:57+00:00\" \/>\n<meta property=\"og:image\" content=\"http:\/\/leimontproductions.com\/site-fr\/wp-content\/uploads\/2021\/01\/LEIMONT-PRODUCTIONS.jpeg\" \/>\n\t<meta property=\"og:image:width\" content=\"480\" \/>\n\t<meta property=\"og:image:height\" content=\"480\" \/>\n<meta name=\"twitter:card\" content=\"summary_large_image\" \/>\n<script type=\"application\/ld+json\" class=\"yoast-schema-graph\">{\"@context\":\"https:\/\/schema.org\",\"@graph\":[{\"@type\":\"WebSite\",\"@id\":\"https:\/\/leimontproductions.com\/site-fr\/#website\",\"url\":\"https:\/\/leimontproductions.com\/site-fr\/\",\"name\":\"Leimont Productions\",\"description\":\"Nous r\\u00e9alisons vos projets\",\"potentialAction\":[{\"@type\":\"SearchAction\",\"target\":\"https:\/\/leimontproductions.com\/site-fr\/?s={search_term_string}\",\"query-input\":\"required name=search_term_string\"}],\"inLanguage\":\"fr-FR\"},{\"@type\":\"WebPage\",\"@id\":\"http:\/\/leimontproductions.com\/site-fr\/mentions-legales\/#webpage\",\"url\":\"http:\/\/leimontproductions.com\/site-fr\/mentions-legales\/\",\"name\":\"Mentions l\\u00e9gales - Leimont Productions\",\"isPartOf\":{\"@id\":\"https:\/\/leimontproductions.com\/site-fr\/#website\"},\"datePublished\":\"2021-01-24T21:47:55+00:00\",\"dateModified\":\"2021-02-18T15:46:57+00:00\",\"breadcrumb\":{\"@id\":\"http:\/\/leimontproductions.com\/site-fr\/mentions-legales\/#breadcrumb\"},\"inLanguage\":\"fr-FR\",\"potentialAction\":[{\"@type\":\"ReadAction\",\"target\":[\"http:\/\/leimontproductions.com\/site-fr\/mentions-legales\/\"]}]},{\"@type\":\"BreadcrumbList\",\"@id\":\"http:\/\/leimontproductions.com\/site-fr\/mentions-legales\/#breadcrumb\",\"itemListElement\":[{\"@type\":\"ListItem\",\"position\":1,\"item\":{\"@type\":\"WebPage\",\"@id\":\"http:\/\/leimontproductions.com\/site-fr\/\",\"url\":\"http:\/\/leimontproductions.com\/site-fr\/\",\"name\":\"Accueil\"}},{\"@type\":\"ListItem\",\"position\":2,\"item\":{\"@type\":\"WebPage\",\"@id\":\"http:\/\/leimontproductions.com\/site-fr\/mentions-legales\/\",\"url\":\"http:\/\/leimontproductions.com\/site-fr\/mentions-legales\/\",\"name\":\"Mentions l\\u00e9gales\"}}]}]}<\/script>\n<!-- \/ Yoast SEO plugin. -->","_links":{"self":[{"href":"http:\/\/leimontproductions.com\/site-fr\/wp-json\/wp\/v2\/pages\/770"}],"collection":[{"href":"http:\/\/leimontproductions.com\/site-fr\/wp-json\/wp\/v2\/pages"}],"about":[{"href":"http:\/\/leimontproductions.com\/site-fr\/wp-json\/wp\/v2\/types\/page"}],"author":[{"embeddable":true,"href":"http:\/\/leimontproductions.com\/site-fr\/wp-json\/wp\/v2\/users\/1"}],"replies":[{"embeddable":true,"href":"http:\/\/leimontproductions.com\/site-fr\/wp-json\/wp\/v2\/comments?post=770"}],"version-history":[{"count":15,"href":"http:\/\/leimontproductions.com\/site-fr\/wp-json\/wp\/v2\/pages\/770\/revisions"}],"predecessor-version":[{"id":1569,"href":"http:\/\/leimontproductions.com\/site-fr\/wp-json\/wp\/v2\/pages\/770\/revisions\/1569"}],"wp:attachment":[{"href":"http:\/\/leimontproductions.com\/site-fr\/wp-json\/wp\/v2\/media?parent=770"}],"curies":[{"name":"wp","href":"https:\/\/api.w.org\/{rel}","templated":true}]}}